{"id":91,"date":"2025-05-10T20:23:12","date_gmt":"2025-05-10T18:23:12","guid":{"rendered":"https:\/\/alexandreneophytou.fr\/?page_id=91"},"modified":"2025-05-25T15:03:16","modified_gmt":"2025-05-25T13:03:16","slug":"mon-spectacle","status":"publish","type":"page","link":"https:\/\/alexandreneophytou.fr\/index.php\/mon-spectacle\/","title":{"rendered":"Seul en sc\u00e8ne"},"content":{"rendered":"\n<div class=\"wp-block-group has-global-padding is-layout-constrained wp-block-group-is-layout-constrained\">\n<div class=\"wp-block-group alignwide is-style-dark has-neutral-950-background-color has-background is-layout-flow wp-container-core-group-is-layout-fd653060 wp-block-group-is-layout-flow\" style=\"padding-top:var(--wp--preset--spacing--medium);padding-bottom:var(--wp--preset--spacing--medium)\">\n<div class=\"wp-block-group has-global-padding is-content-justification-left is-layout-constrained wp-container-core-group-is-layout-e20b635d wp-block-group-is-layout-constrained\" style=\"border-left-color:var(--wp--preset--color--primary-color);border-left-width:4px;padding-top:var(--wp--preset--spacing--x-small);padding-right:0;padding-bottom:var(--wp--preset--spacing--x-small);padding-left:var(--wp--preset--spacing--medium)\">\n<h2 class=\"wp-block-heading has-6-x-large-font-size\" style=\"font-style:normal;font-weight:700;text-transform:capitalize\">Mon <mark style=\"background-color:rgba(0, 0, 0, 0);color:#fefefe\" class=\"has-inline-color\"><span style=\"position: relative;\" data-notation-options=\"{&quot;style&quot;:&quot;highlight&quot;,&quot;color&quot;:&quot;var(--wp--preset--color--primary-active)&quot;}\" class=\"has-plover-rough-notation\">Spectacle<\/span><\/mark><\/h2>\n<\/div>\n<\/div>\n\n\n\n<figure class=\"wp-block-image size-large\"><img loading=\"lazy\" decoding=\"async\" width=\"724\" height=\"1024\" src=\"https:\/\/alexandreneophytou.fr\/wp-content\/uploads\/2025\/05\/Affiche-Web-sans-date-1-724x1024.jpg\" alt=\"\" class=\"wp-image-500\" srcset=\"https:\/\/alexandreneophytou.fr\/wp-content\/uploads\/2025\/05\/Affiche-Web-sans-date-1-724x1024.jpg 724w, https:\/\/alexandreneophytou.fr\/wp-content\/uploads\/2025\/05\/Affiche-Web-sans-date-1-212x300.jpg 212w, https:\/\/alexandreneophytou.fr\/wp-content\/uploads\/2025\/05\/Affiche-Web-sans-date-1-768x1086.jpg 768w, https:\/\/alexandreneophytou.fr\/wp-content\/uploads\/2025\/05\/Affiche-Web-sans-date-1-1086x1536.jpg 1086w, https:\/\/alexandreneophytou.fr\/wp-content\/uploads\/2025\/05\/Affiche-Web-sans-date-1-scaled.jpg 1810w\" sizes=\"auto, (max-width: 724px) 100vw, 724px\" \/><\/figure>\n\n\n\n<div class=\"wp-block-columns is-layout-flex wp-container-core-columns-is-layout-28f84493 wp-block-columns-is-layout-flex\">\n<div class=\"wp-block-column is-layout-flow wp-block-column-is-layout-flow\" style=\"flex-basis:66.66%\">\n<h2 class=\"wp-block-heading has-text-align-center cnvs-block-core-heading-1746950119903\">Humour, musique et ragondingues.<br>Alex va-t-il enfin se remettre au piano?<\/h2>\n\n\n\n<p class=\"has-text-align-center\">Alex vous guide avec humour dans les multiples aspects de sa vie. A travers ses yeux de grand enfant, il cherche la cl\u00e9 du monde des adultes. Mais rien ne sert de chercher, il pr\u00e9f\u00e8re rigoler de sa vie, de ses anc\u00eatres et de ragondingues. Et en musique.<\/p>\n\n\n\n<p class=\"has-text-align-center\">On en sort comme des enfants qui ont ri. Un spectacle o\u00f9 les g\u00e9n\u00e9rations s&#8217;entrechoquent et o\u00f9 l&#8217;on rit de l&#8217;absurdit\u00e9 g\u00e9n\u00e9rale.<\/p>\n\n\n\n<p><\/p>\n\n\n\n<p>Dur\u00e9e 65 minutes<\/p>\n\n\n\n<p>Artiste, auteur, metteur en sc\u00e8ne: Alexandre Neophytou<\/p>\n\n\n\n<div class=\"wp-block-buttons is-content-justification-center is-layout-flex wp-container-core-buttons-is-layout-a89b3969 wp-block-buttons-is-layout-flex\"><div class=\"wp-block-button\"><a class=\"wp-block-button__link has-neutral-950-color has-neutral-0-background-color has-text-color has-background has-link-color has-text-align-left wp-element-button\" href=\"https:\/\/alexandreneophytou.fr\/index.php\/agenda\/\" style=\"border-style:none;border-width:0px;text-transform:uppercase;\">PROCHAINES DATES<svg xmlns=\"http:\/\/www.w3.org\/2000\/svg\" viewbox=\"0 0 24 24\" fill=\"none\" stroke=\"currentColor\" stroke-width=\"2\" stroke-linecap=\"round\" stroke-linejoin=\"round\" width=\"18px\" height=\"18px\"><line x1=\"7\" y1=\"17\" x2=\"17\" y2=\"7\"><\/line><polyline points=\"7 7 17 7 17 17\"><\/polyline><\/svg><\/a><\/div>\n<\/div>\n<\/div>\n\n\n\n<div class=\"wp-block-column is-layout-flow wp-block-column-is-layout-flow\" style=\"flex-basis:33.33%\">\n<blockquote class=\"wp-block-quote has-text-align-center has-neutral-950-color has-primary-active-background-color has-text-color has-background has-link-color wp-elements-23d9db42ef4a1424d606254d2a286914 is-layout-flow wp-block-quote-is-layout-flow\">\n<p class=\"cnvs-block-core-paragraph-1746950119863\">&#8220;Parce qu&#8217;il faut bien vivre, bande d&#8217;idiots! &#8220;<\/p>\n<\/blockquote>\n<\/div>\n<\/div>\n\n\n\n<div class=\"wp-block-columns is-style-light is-layout-flex wp-container-core-columns-is-layout-28f84493 wp-block-columns-is-layout-flex\">\n<div class=\"wp-block-column is-layout-flow wp-block-column-is-layout-flow\">\n<figure class=\"wp-block-image size-full\"><img loading=\"lazy\" decoding=\"async\" width=\"241\" height=\"343\" src=\"https:\/\/alexandreneophytou.fr\/wp-content\/uploads\/2025\/05\/Affiche.png\" alt=\"\" class=\"wp-image-135\" srcset=\"https:\/\/alexandreneophytou.fr\/wp-content\/uploads\/2025\/05\/Affiche.png 241w, https:\/\/alexandreneophytou.fr\/wp-content\/uploads\/2025\/05\/Affiche-211x300.png 211w\" sizes=\"auto, (max-width: 241px) 100vw, 241px\" \/><\/figure>\n<\/div>\n\n\n\n<div class=\"wp-block-column is-layout-flow wp-block-column-is-layout-flow\">\n<figure class=\"wp-block-image size-full\"><img loading=\"lazy\" decoding=\"async\" width=\"586\" height=\"421\" src=\"https:\/\/alexandreneophytou.fr\/wp-content\/uploads\/2025\/05\/visu.png\" alt=\"\" class=\"wp-image-239\" srcset=\"https:\/\/alexandreneophytou.fr\/wp-content\/uploads\/2025\/05\/visu.png 586w, https:\/\/alexandreneophytou.fr\/wp-content\/uploads\/2025\/05\/visu-300x216.png 300w\" sizes=\"auto, (max-width: 586px) 100vw, 586px\" \/><\/figure>\n<\/div>\n<\/div>\n<\/div>\n","protected":false},"excerpt":{"rendered":"","protected":false},"author":1,"featured_media":0,"parent":0,"menu_order":0,"comment_status":"closed","ping_status":"closed","template":"page-with-left-sidebar","meta":{"footnotes":""},"class_list":["post-91","page","type-page","status-publish","hentry"],"_links":{"self":[{"href":"https:\/\/alexandreneophytou.fr\/index.php\/wp-json\/wp\/v2\/pages\/91","targetHints":{"allow":["GET"]}}],"collection":[{"href":"https:\/\/alexandreneophytou.fr\/index.php\/wp-json\/wp\/v2\/pages"}],"about":[{"href":"https:\/\/alexandreneophytou.fr\/index.php\/wp-json\/wp\/v2\/types\/page"}],"author":[{"embeddable":true,"href":"https:\/\/alexandreneophytou.fr\/index.php\/wp-json\/wp\/v2\/users\/1"}],"replies":[{"embeddable":true,"href":"https:\/\/alexandreneophytou.fr\/index.php\/wp-json\/wp\/v2\/comments?post=91"}],"version-history":[{"count":21,"href":"https:\/\/alexandreneophytou.fr\/index.php\/wp-json\/wp\/v2\/pages\/91\/revisions"}],"predecessor-version":[{"id":429,"href":"https:\/\/alexandreneophytou.fr\/index.php\/wp-json\/wp\/v2\/pages\/91\/revisions\/429"}],"wp:attachment":[{"href":"https:\/\/alexandreneophytou.fr\/index.php\/wp-json\/wp\/v2\/media?parent=91"}],"curies":[{"name":"wp","href":"https:\/\/api.w.org\/{rel}","templated":true}]}}