{"id":127,"date":"2025-05-11T16:22:30","date_gmt":"2025-05-11T14:22:30","guid":{"rendered":"https:\/\/alexandreneophytou.fr\/?page_id=127"},"modified":"2025-05-25T16:02:53","modified_gmt":"2025-05-25T14:02:53","slug":"contact","status":"publish","type":"page","link":"https:\/\/alexandreneophytou.fr\/index.php\/contact\/","title":{"rendered":"Contact"},"content":{"rendered":"\n<h2 class=\"wp-block-heading\">Contact<\/h2>\n\n\n\n<p>Vous organisez une soir\u00e9e en famille, entre amis, \u00e0 l&#8217;occasion d&#8217;un anniversaire ou d&#8217;un \u00e9v\u00e9nement marquant?<\/p>\n\n\n\n<p>Vous organisez un s\u00e9minaire, un team building ou toute autre activit\u00e9 avec vos collaborateurs? <\/p>\n\n\n\n<p>Que vous soyez particulier ou professionnel, je vous propose une prestation sur mesure, seul  avec mon One Man Show ou ou avec d&#8217;autres artistes  sous la forme d&#8217;un plateau de stand up. Domicili\u00e9 dans la r\u00e9gion toulousaine, je me d\u00e9place dans tout le grand Sud, Occitanie et Nouvelle Aquitaine.<\/p>\n\n\n\n<p>Vous pouvez me joindre par mail alexandre.neophytou@gmail.com ou par t\u00e9l\u00e9phone au 06 77 36 95 16<\/p>\n","protected":false},"excerpt":{"rendered":"<p>Contact Vous organisez une soir\u00e9e en famille, entre amis, \u00e0 l&#8217;occasion d&#8217;un anniversaire ou d&#8217;un \u00e9v\u00e9nement marquant? Vous organisez un s\u00e9minaire, un team building ou toute autre activit\u00e9 avec vos collaborateurs? Que vous soyez particulier ou professionnel, je vous propose une prestation sur mesure, seul avec mon One Man Show ou ou avec d&#8217;autres artistes [&hellip;]<\/p>\n","protected":false},"author":1,"featured_media":0,"parent":0,"menu_order":0,"comment_status":"closed","ping_status":"closed","template":"page-with-left-sidebar","meta":{"footnotes":""},"class_list":["post-127","page","type-page","status-publish","hentry"],"_links":{"self":[{"href":"https:\/\/alexandreneophytou.fr\/index.php\/wp-json\/wp\/v2\/pages\/127","targetHints":{"allow":["GET"]}}],"collection":[{"href":"https:\/\/alexandreneophytou.fr\/index.php\/wp-json\/wp\/v2\/pages"}],"about":[{"href":"https:\/\/alexandreneophytou.fr\/index.php\/wp-json\/wp\/v2\/types\/page"}],"author":[{"embeddable":true,"href":"https:\/\/alexandreneophytou.fr\/index.php\/wp-json\/wp\/v2\/users\/1"}],"replies":[{"embeddable":true,"href":"https:\/\/alexandreneophytou.fr\/index.php\/wp-json\/wp\/v2\/comments?post=127"}],"version-history":[{"count":5,"href":"https:\/\/alexandreneophytou.fr\/index.php\/wp-json\/wp\/v2\/pages\/127\/revisions"}],"predecessor-version":[{"id":470,"href":"https:\/\/alexandreneophytou.fr\/index.php\/wp-json\/wp\/v2\/pages\/127\/revisions\/470"}],"wp:attachment":[{"href":"https:\/\/alexandreneophytou.fr\/index.php\/wp-json\/wp\/v2\/media?parent=127"}],"curies":[{"name":"wp","href":"https:\/\/api.w.org\/{rel}","templated":true}]}}